{"id":1505,"date":"2024-06-28T08:38:59","date_gmt":"2024-06-28T11:38:59","guid":{"rendered":"https:\/\/cotac.com.br\/blog\/?page_id=1505"},"modified":"2024-06-28T08:52:53","modified_gmt":"2024-06-28T11:52:53","slug":"politica-de-privacidade","status":"publish","type":"page","link":"https:\/\/cotac.com.br\/blog\/politica-de-privacidade\/","title":{"rendered":"Pol\u00edtica de Privacidade"},"content":{"rendered":"\n<p>A sua privacidade \u00e9 importante para n\u00f3s.&nbsp;\u00c9 nossa pol\u00edtica conforme a sua privacidade em rela\u00e7\u00e3o a qualquer informa\u00e7\u00e3o sua que n\u00f3s coletar.<\/p>\n\n\n\n<h2 class=\"wp-block-heading\"><strong>1. Para possibilitar o acesso e correta execu\u00e7\u00e3o das fun\u00e7\u00f5es e servi\u00e7os oferecidos, coletados dados pessoais dos usu\u00e1rios.&nbsp;A seguir, o Usu\u00e1rio saber\u00e1 um pouco mais sobre a nossa Pol\u00edtica de tratamento de dados.<\/strong><\/h2>\n\n\n\n<h2 class=\"wp-block-heading\"><strong>2. Quais dados pessoais ser\u00e3o coletados?<\/strong><\/h2>\n\n\n\n<p>Solicitamos informa\u00e7\u00f5es pessoais apenas quando realmente precisamos delas para fornecer um servi\u00e7o.&nbsp;Fazemos a coleta e a utiliza\u00e7\u00e3o dos dados sempre por meios justos e legais.&nbsp;Tamb\u00e9m informamos por que estamos coletando e como ser\u00e3o usados \u200b\u200bos dados.<\/p>\n\n\n\n<p>Al\u00e9m desses dados acima, poder\u00e3o ser coletadas outras informa\u00e7\u00f5es automaticamente quando o Usu\u00e1rio acessar o site, tais como caracter\u00edsticas do dispositivo e navegador, Protocolo de Internet (IP, com data e hora e origem) e outros.&nbsp;O site tamb\u00e9m poder\u00e1 utilizar outras tecnologias, tais como cookies, pixel tags, beacons e local shared objects.<\/p>\n\n\n\n<h2 class=\"wp-block-heading\"><strong>3. Pol\u00edtica de Cookies<\/strong><\/h2>\n\n\n\n<h3 class=\"wp-block-heading\"><strong>3.1. O que s\u00e3o cookies?<\/strong><\/h3>\n\n\n\n<p>Como \u00e9 pr\u00e1tica comum em quase todos os sites profissionais, este site usa cookies, que s\u00e3o pequenos arquivos baixados no seu computador, para melhorar sua experi\u00eancia. Esta p\u00e1gina descreve quais informa\u00e7\u00f5es eles coletam, como as usamos e por que \u00e0s vezes precisamos armazenar esses cookies. Tamb\u00e9m compartilharemos como voc\u00ea pode impedir que esses cookies sejam armazenados, no entanto, isso pode fazer o \u201cdowngrade\u201d ou \u201cquebrar\u201d certos elementos da funcionalidade do site.<\/p>\n\n\n\n<h3 class=\"wp-block-heading\"><strong>3.2. Como usamos os cookies?<\/strong><\/h3>\n\n\n\n<p>Utilizamos cookies por v\u00e1rios motivos, detalhados abaixo. Infelizmente, na maioria dos casos, n\u00e3o existem op\u00e7\u00f5es padr\u00e3o do setor para desativar os cookies sem desativar completamente a funcionalidade e os recursos que eles adicionam a este site. \u00c9 recomend\u00e1vel que voc\u00ea deixe todos os cookies se n\u00e3o tiver certeza se precisa ou n\u00e3o deles, caso sejam usados \u200b\u200bpara fornecer um servi\u00e7o que voc\u00ea usa.<\/p>\n\n\n\n<h3 class=\"wp-block-heading\"><strong>3.3. Desativar cookies<\/strong><\/h3>\n\n\n\n<p>Voc\u00ea pode impedir a configura\u00e7\u00e3o de cookies ajustando as configura\u00e7\u00f5es do seu navegador (consulte a Ajuda do navegador para saber como fazer isso). Esteja ciente de que a desativa\u00e7\u00e3o de cookies afetar\u00e1 a funcionalidade deste e de muitos outros sites que voc\u00ea visita. A desativa\u00e7\u00e3o de cookies geralmente resultar\u00e1 na desativa\u00e7\u00e3o de determinadas funcionalidades e recursos deste site.<\/p>\n\n\n\n<h3 class=\"wp-block-heading\"><strong>3.4. Cookies que usamos:<\/strong><\/h3>\n\n\n\n<ul class=\"wp-block-list\">\n<li><strong>Cookies relacionados \u00e0 conta<\/strong><\/li>\n<\/ul>\n\n\n\n<p>Se voc\u00ea criar uma conta conosco, usaremos cookies para o gerenciamento do processo de inscri\u00e7\u00e3o e administra\u00e7\u00e3o geral. Esses cookies geralmente ser\u00e3o exclu\u00eddos quando voc\u00ea sair do sistema, por\u00e9m, em alguns casos, eles poder\u00e3o permanecer posteriormente para lembrar as prefer\u00eancias do seu site ao sair.<\/p>\n\n\n\n<ul class=\"wp-block-list\">\n<li><strong>Cookies relacionados ao login<\/strong><\/li>\n<\/ul>\n\n\n\n<p>Utilizamos cookies quando voc\u00ea est\u00e1 logado, para que possamos lembrar dessa a\u00e7\u00e3o. Isso evita que voc\u00ea precise fazer login sempre que visitar uma nova p\u00e1gina. Esses cookies s\u00e3o normalmente removidos ou limpos quando voc\u00ea efetua logout para garantir que voc\u00ea possa acessar apenas a recursos e \u00e1reas restritas ao efetuar login.<\/p>\n\n\n\n<ul class=\"wp-block-list\">\n<li><strong>Cookies relacionados a boletins por e-mail<\/strong><\/li>\n<\/ul>\n\n\n\n<p>Este site oferece servi\u00e7os de assinatura de boletim informativo ou e-mail e os cookies podem ser usados \u200b\u200bpara lembrar se voc\u00ea j\u00e1 est\u00e1 registrado e se deve mostrar determinadas notifica\u00e7\u00f5es v\u00e1lidas apenas para usu\u00e1rios inscritos \/ n\u00e3o inscritos.<\/p>\n\n\n\n<ul class=\"wp-block-list\">\n<li><strong>Cookies relacionados a pesquisas<\/strong><\/li>\n<\/ul>\n\n\n\n<p>Periodicamente, oferecemos pesquisas e question\u00e1rios para fornecer informa\u00e7\u00f5es interessantes, ferramentas \u00fateis ou para entender nossa base de usu\u00e1rios com mais precis\u00e3o. Essas pesquisas podem usar cookies para lembrar quem j\u00e1 participou numa pesquisa ou para fornecer resultados precisos ap\u00f3s a altera\u00e7\u00e3o das p\u00e1ginas.<\/p>\n\n\n\n<ul class=\"wp-block-list\">\n<li><strong>Cookies relacionados a formul\u00e1rios<\/strong><\/li>\n<\/ul>\n\n\n\n<p>Quando voc\u00ea envia dados por meio de um formul\u00e1rio como os encontrados nas p\u00e1ginas de contacto ou nos formul\u00e1rios de coment\u00e1rios, os cookies podem ser configurados para lembrar os detalhes do usu\u00e1rio para correspond\u00eancia futura.<\/p>\n\n\n\n<p>Com a aceita\u00e7\u00e3o da Pol\u00edtica pelo Usu\u00e1rio, este concorda e permite o acesso aos seus dados a partir do seu primeiro acesso ou utiliza\u00e7\u00e3o do Site.<\/p>\n\n\n\n<h2 class=\"wp-block-heading\"><strong>4. Como os dados ser\u00e3o armazenados e protegidos?<\/strong><\/h2>\n\n\n\n<p>Para proteger suas informa\u00e7\u00f5es pessoais, tomamos precau\u00e7\u00f5es razo\u00e1veis e seguimos as melhores pr\u00e1ticas para nos certificar que elas n\u00e3o ser\u00e3o perdidas inadequadamente, usurpadas, acessadas, divulgadas, alteradas ou destru\u00eddas.<\/p>\n\n\n\n<p>O Site utiliza o certificado \u201csecure socket layer\u201d (SSL), um mecanismo usado para codificar informa\u00e7\u00f5es por meio da criptografia. O objetivo do Certificado SSL \u00e9 proteger dados pessoais ou sigilosos que circulam na web. Os dados ser\u00e3o armazenados pelo menor tempo necess\u00e1rio, observando requisitos legais e regulat\u00f3rios.<\/p>\n\n\n\n<p>A exclus\u00e3o dos dados se seleciona de forma definitiva no prazo julgado conveniente pelo Site, observados os requisitos legais e regulat\u00f3rios, ou mediante solicita\u00e7\u00e3o expressa do Usu\u00e1rio.<\/p>\n\n\n\n<p>A exclus\u00e3o de dados pode inviabilizar o acesso do Usu\u00e1rio a algumas funcionalidades do Site.<\/p>\n\n\n\n<h2 class=\"wp-block-heading\"><strong>5. Como o Usu\u00e1rio deve fazer para pedir a exclus\u00e3o de dados?<\/strong><\/h2>\n\n\n\n<p>Caso queira pedir a exclus\u00e3o dos seus Dados Pessoais, o usu\u00e1rio deve enviar e-mail para o seguinte endere\u00e7o:&nbsp;cotac@cotac.com.br informando quais dados deseja que sejam exclu\u00eddos.<\/p>\n\n\n\n<p>O encarregado da prote\u00e7\u00e3o de dados do Site responder\u00e1 ao e-mail do Usu\u00e1rio informando se a exclus\u00e3o solicitada acarretar\u00e1 a impossibilidade de acesso a alguma funcionalidade e pedir\u00e1 a confirma\u00e7\u00e3o do usu\u00e1rio quanto ao pedido de exclus\u00e3o da dados.<\/p>\n","protected":false},"excerpt":{"rendered":"<p>A sua privacidade \u00e9 importante para n\u00f3s.&nbsp;\u00c9 nossa pol\u00edtica conforme a sua privacidade em rela\u00e7\u00e3o a qualquer informa\u00e7\u00e3o sua que n\u00f3s coletar. 1. Para [&hellip;]<\/p>\n","protected":false},"author":1,"featured_media":0,"parent":0,"menu_order":0,"comment_status":"closed","ping_status":"closed","template":"","meta":{"_acf_changed":false,"inline_featured_image":false,"footnotes":""},"class_list":["post-1505","page","type-page","status-publish","hentry"],"acf":[],"yoast_head":"<!-- This site is optimized with the Yoast SEO plugin v27.0 - https:\/\/yoast.com\/product\/yoast-seo-wordpress\/ -->\n<title>Pol\u00edtica de Privacidade - Blog Cotac<\/title>\n<meta name=\"robots\" content=\"index, follow, max-snippet:-1, max-image-preview:large, max-video-preview:-1\" \/>\n<link rel=\"canonical\" href=\"https:\/\/cotac.com.br\/blog\/politica-de-privacidade\/\" \/>\n<meta property=\"og:locale\" content=\"pt_BR\" \/>\n<meta property=\"og:type\" content=\"article\" \/>\n<meta property=\"og:title\" content=\"Pol\u00edtica de Privacidade - Blog Cotac\" \/>\n<meta property=\"og:description\" content=\"A sua privacidade \u00e9 importante para n\u00f3s.&nbsp;\u00c9 nossa pol\u00edtica conforme a sua privacidade em rela\u00e7\u00e3o a qualquer informa\u00e7\u00e3o sua que n\u00f3s coletar. 1. Para [&hellip;]\" \/>\n<meta property=\"og:url\" content=\"https:\/\/cotac.com.br\/blog\/politica-de-privacidade\/\" \/>\n<meta property=\"og:site_name\" content=\"Blog Cotac\" \/>\n<meta property=\"article:modified_time\" content=\"2024-06-28T11:52:53+00:00\" \/>\n<meta name=\"twitter:card\" content=\"summary_large_image\" \/>\n<meta name=\"twitter:label1\" content=\"Est. tempo de leitura\" \/>\n\t<meta name=\"twitter:data1\" content=\"5 minutos\" \/>\n<script type=\"application\/ld+json\" class=\"yoast-schema-graph\">{\"@context\":\"https:\/\/schema.org\",\"@graph\":[{\"@type\":\"WebPage\",\"@id\":\"https:\/\/cotac.com.br\/blog\/politica-de-privacidade\/\",\"url\":\"https:\/\/cotac.com.br\/blog\/politica-de-privacidade\/\",\"name\":\"Pol\u00edtica de Privacidade - Blog Cotac\",\"isPartOf\":{\"@id\":\"https:\/\/cotac.com.br\/blog\/#website\"},\"datePublished\":\"2024-06-28T11:38:59+00:00\",\"dateModified\":\"2024-06-28T11:52:53+00:00\",\"breadcrumb\":{\"@id\":\"https:\/\/cotac.com.br\/blog\/politica-de-privacidade\/#breadcrumb\"},\"inLanguage\":\"pt-BR\",\"potentialAction\":[{\"@type\":\"ReadAction\",\"target\":[\"https:\/\/cotac.com.br\/blog\/politica-de-privacidade\/\"]}]},{\"@type\":\"BreadcrumbList\",\"@id\":\"https:\/\/cotac.com.br\/blog\/politica-de-privacidade\/#breadcrumb\",\"itemListElement\":[{\"@type\":\"ListItem\",\"position\":1,\"name\":\"In\u00edcio\",\"item\":\"https:\/\/cotac.com.br\/blog\/\"},{\"@type\":\"ListItem\",\"position\":2,\"name\":\"Pol\u00edtica de Privacidade\"}]},{\"@type\":\"WebSite\",\"@id\":\"https:\/\/cotac.com.br\/blog\/#website\",\"url\":\"https:\/\/cotac.com.br\/blog\/\",\"name\":\"Blog Cotac\",\"description\":\"\",\"publisher\":{\"@id\":\"https:\/\/cotac.com.br\/blog\/#organization\"},\"potentialAction\":[{\"@type\":\"SearchAction\",\"target\":{\"@type\":\"EntryPoint\",\"urlTemplate\":\"https:\/\/cotac.com.br\/blog\/?s={search_term_string}\"},\"query-input\":{\"@type\":\"PropertyValueSpecification\",\"valueRequired\":true,\"valueName\":\"search_term_string\"}}],\"inLanguage\":\"pt-BR\"},{\"@type\":\"Organization\",\"@id\":\"https:\/\/cotac.com.br\/blog\/#organization\",\"name\":\"Blog Cotac\",\"url\":\"https:\/\/cotac.com.br\/blog\/\",\"logo\":{\"@type\":\"ImageObject\",\"inLanguage\":\"pt-BR\",\"@id\":\"https:\/\/cotac.com.br\/blog\/#\/schema\/logo\/image\/\",\"url\":\"https:\/\/cotac.com.br\/blog\/wp-content\/uploads\/2024\/06\/chevrolet-cotac.webp\",\"contentUrl\":\"https:\/\/cotac.com.br\/blog\/wp-content\/uploads\/2024\/06\/chevrolet-cotac.webp\",\"width\":305,\"height\":58,\"caption\":\"Blog Cotac\"},\"image\":{\"@id\":\"https:\/\/cotac.com.br\/blog\/#\/schema\/logo\/image\/\"}}]}<\/script>\n<!-- \/ Yoast SEO plugin. -->","yoast_head_json":{"title":"Pol\u00edtica de Privacidade - Blog Cotac","robots":{"index":"index","follow":"follow","max-snippet":"max-snippet:-1","max-image-preview":"max-image-preview:large","max-video-preview":"max-video-preview:-1"},"canonical":"https:\/\/cotac.com.br\/blog\/politica-de-privacidade\/","og_locale":"pt_BR","og_type":"article","og_title":"Pol\u00edtica de Privacidade - Blog Cotac","og_description":"A sua privacidade \u00e9 importante para n\u00f3s.&nbsp;\u00c9 nossa pol\u00edtica conforme a sua privacidade em rela\u00e7\u00e3o a qualquer informa\u00e7\u00e3o sua que n\u00f3s coletar. 1. Para [&hellip;]","og_url":"https:\/\/cotac.com.br\/blog\/politica-de-privacidade\/","og_site_name":"Blog Cotac","article_modified_time":"2024-06-28T11:52:53+00:00","twitter_card":"summary_large_image","twitter_misc":{"Est. tempo de leitura":"5 minutos"},"schema":{"@context":"https:\/\/schema.org","@graph":[{"@type":"WebPage","@id":"https:\/\/cotac.com.br\/blog\/politica-de-privacidade\/","url":"https:\/\/cotac.com.br\/blog\/politica-de-privacidade\/","name":"Pol\u00edtica de Privacidade - Blog Cotac","isPartOf":{"@id":"https:\/\/cotac.com.br\/blog\/#website"},"datePublished":"2024-06-28T11:38:59+00:00","dateModified":"2024-06-28T11:52:53+00:00","breadcrumb":{"@id":"https:\/\/cotac.com.br\/blog\/politica-de-privacidade\/#breadcrumb"},"inLanguage":"pt-BR","potentialAction":[{"@type":"ReadAction","target":["https:\/\/cotac.com.br\/blog\/politica-de-privacidade\/"]}]},{"@type":"BreadcrumbList","@id":"https:\/\/cotac.com.br\/blog\/politica-de-privacidade\/#breadcrumb","itemListElement":[{"@type":"ListItem","position":1,"name":"In\u00edcio","item":"https:\/\/cotac.com.br\/blog\/"},{"@type":"ListItem","position":2,"name":"Pol\u00edtica de Privacidade"}]},{"@type":"WebSite","@id":"https:\/\/cotac.com.br\/blog\/#website","url":"https:\/\/cotac.com.br\/blog\/","name":"Blog Cotac","description":"","publisher":{"@id":"https:\/\/cotac.com.br\/blog\/#organization"},"potentialAction":[{"@type":"SearchAction","target":{"@type":"EntryPoint","urlTemplate":"https:\/\/cotac.com.br\/blog\/?s={search_term_string}"},"query-input":{"@type":"PropertyValueSpecification","valueRequired":true,"valueName":"search_term_string"}}],"inLanguage":"pt-BR"},{"@type":"Organization","@id":"https:\/\/cotac.com.br\/blog\/#organization","name":"Blog Cotac","url":"https:\/\/cotac.com.br\/blog\/","logo":{"@type":"ImageObject","inLanguage":"pt-BR","@id":"https:\/\/cotac.com.br\/blog\/#\/schema\/logo\/image\/","url":"https:\/\/cotac.com.br\/blog\/wp-content\/uploads\/2024\/06\/chevrolet-cotac.webp","contentUrl":"https:\/\/cotac.com.br\/blog\/wp-content\/uploads\/2024\/06\/chevrolet-cotac.webp","width":305,"height":58,"caption":"Blog Cotac"},"image":{"@id":"https:\/\/cotac.com.br\/blog\/#\/schema\/logo\/image\/"}}]}},"_links":{"self":[{"href":"https:\/\/cotac.com.br\/blog\/wp-json\/wp\/v2\/pages\/1505","targetHints":{"allow":["GET"]}}],"collection":[{"href":"https:\/\/cotac.com.br\/blog\/wp-json\/wp\/v2\/pages"}],"about":[{"href":"https:\/\/cotac.com.br\/blog\/wp-json\/wp\/v2\/types\/page"}],"author":[{"embeddable":true,"href":"https:\/\/cotac.com.br\/blog\/wp-json\/wp\/v2\/users\/1"}],"replies":[{"embeddable":true,"href":"https:\/\/cotac.com.br\/blog\/wp-json\/wp\/v2\/comments?post=1505"}],"version-history":[{"count":5,"href":"https:\/\/cotac.com.br\/blog\/wp-json\/wp\/v2\/pages\/1505\/revisions"}],"predecessor-version":[{"id":1511,"href":"https:\/\/cotac.com.br\/blog\/wp-json\/wp\/v2\/pages\/1505\/revisions\/1511"}],"wp:attachment":[{"href":"https:\/\/cotac.com.br\/blog\/wp-json\/wp\/v2\/media?parent=1505"}],"curies":[{"name":"wp","href":"https:\/\/api.w.org\/{rel}","templated":true}]}}