{"id":1503,"date":"2024-06-28T08:38:36","date_gmt":"2024-06-28T11:38:36","guid":{"rendered":"https:\/\/cotac.com.br\/blog\/?page_id=1503"},"modified":"2024-06-28T08:56:37","modified_gmt":"2024-06-28T11:56:37","slug":"termos-de-uso","status":"publish","type":"page","link":"https:\/\/cotac.com.br\/blog\/termos-de-uso\/","title":{"rendered":"Termos de Uso"},"content":{"rendered":"\n<h1 class=\"wp-block-heading\" id=\"page-header\">Cookies<\/h1>\n\n\n\n<h2 class=\"wp-block-heading\">O QUE S\u00c3O COOKIES<\/h2>\n\n\n\n<p>Cookies s\u00e3o arquivos-texto gerados pelo site da Chevrolet e transferidos para seu computador sendo armazenados pelos programas de navega\u00e7\u00e3o (\u201cBrowsers\u201d). Em geral, os Cookies s\u00e3o utilizados para uma otimiza\u00e7\u00e3o de sua experi\u00eancia de navega\u00e7\u00e3o junto ao nosso site, quando permitido pelo n\u00edvel de seguran\u00e7a configurado por voc\u00ea junto ao seu navegador. Sempre que o seu navegador estiver assim configurado, utilizaremos cookies conforme acima explicado.<\/p>\n\n\n\n<p>Os cookies utilizados pelo website Chevrolet t\u00eam como finalidade identificar as tend\u00eancias de navega\u00e7\u00e3o do usu\u00e1rio, buscando aprimorar e personalizar seus acessos futuros, tais como, p\u00e1ginas navegadas ou links clicados. Quaisquer dos cookies utilizados n\u00e3o s\u00e3o usados para executar programas, tampouco possibilitam a infec\u00e7\u00e3o de seu computador com v\u00edrus ou programas maliciosos.<\/p>\n\n\n\n<p>Ao acessar este site pela primeira vez, voc\u00ea foi informado atrav\u00e9s de um aviso de texto (\u201cdisclaimer\u201d) referente a pratica de cookies do website Chevrolet.<\/p>\n\n\n\n<p>Mesmo quando seu programa de navega\u00e7\u00e3o estiver configurado para permitir a instala\u00e7\u00e3o de cookies, mas voc\u00ea desejar remover os cookies instalados e impedir o armazenamento de novos cookies, voc\u00ea poder\u00e1 faz\u00ea-lo imediatamente e sem qualquer impedimento, desativando este recurso em seu navegador e excluindo todos os eventuais cookies j\u00e1 implementados.<\/p>\n\n\n\n<p>Desta forma, recomendamos que voc\u00ea configure seu programa de navega\u00e7\u00e3o no n\u00edvel de seguran\u00e7a desejado antes de navegar em nosso site em todos os computadores e dispositivos que deseje utilizar.<\/p>\n\n\n\n<h2 class=\"wp-block-heading\">COMO A CHEVROLET USA OS COOKIES<\/h2>\n\n\n\n<p>Os cookies utilizados no site da Chevrolet atendem aos requisitos legais e s\u00e3o enquadrados nas seguintes categorias:<\/p>\n\n\n\n<p>\u2022 <strong>COOKIES ESTRITAMENTE NECESS\u00c1RIOS<br>\u2022 COOKIES DE DESEMPENHO<br>\u2022 COOKIES DE FUNCIONALIDADE<br>\u2022 COOKIES DE SEGMENTA\u00c7\u00c3O<\/strong><\/p>\n\n\n\n<p>Cookies Estritamente Necess\u00e1rios: S\u00e3o aqueles cookies que permitem a voc\u00ea navegar pelo site e usar recursos essenciais, como \u00e1reas seguras, por exemplo. Esses cookies n\u00e3o guardam quaisquer informa\u00e7\u00f5es sobre voc\u00ea que possam ser usadas em a\u00e7\u00f5es de comunica\u00e7\u00e3o de produto ou servi\u00e7o ou para lembrar as p\u00e1ginas navegadas no site.<\/p>\n\n\n\n<h3 class=\"wp-block-heading\">Para o que n\u00f3s os usamos:<\/h3>\n\n\n\n<p>\u2022 Identific\u00e1-lo como um usu\u00e1rio conectado \u00e0 Chevrolet.com.br.<br>\u2022 Lembrar de informa\u00e7\u00f5es que voc\u00ea digitou previamente em eventuais formul\u00e1rios de pedidos para pr\u00e9-popular formul\u00e1rios.<br>\u2022 Certificar-se de que voc\u00ea se conecta ao servi\u00e7o correto em nosso site quando fizermos alguma mudan\u00e7a na forma como ele funciona.<\/p>\n\n\n\n<p><strong>COOKIES DE DESEMPENHO<\/strong>: Os cookies de \u201cDesempenho\u201d coletam informa\u00e7\u00f5es sobre como voc\u00ea usa o nosso website, por exemplo, quais p\u00e1ginas voc\u00ea visita, se elas possuem erros, erros em formul\u00e1rios e etc. Esses cookies n\u00e3o coletam quaisquer informa\u00e7\u00f5es que possam identific\u00e1-lo. Toda a informa\u00e7\u00e3o coletada \u00e9 realizada de forma codificada, an\u00f4nima e somente usada para ajudar a melhorar a forma como o nosso site funciona, entender o que interessa aos nossos usu\u00e1rios e medir a efic\u00e1cia da nossa comunica\u00e7\u00e3o.<\/p>\n\n\n\n<h3 class=\"wp-block-heading\">Para o que n\u00f3s os usamos:<\/h3>\n\n\n\n<p>\u2022 Fornecer estat\u00edsticas sobre como nosso site \u00e9 utilizado.<br>\u2022 Verificar a efici\u00eancia da nossa comunica\u00e7\u00e3o, n\u00e3o nos utilizando dessa informa\u00e7\u00e3o para direcionamento de an\u00fancios quando em visita a outros sites.<br>\u2022 Prestar informa\u00e7\u00f5es aos nossos parceiros que um dos nossos visitantes tamb\u00e9m visitou seu site. Isso permite que nossos parceiros melhorem seus sites, mas n\u00f3s n\u00e3o permitimos que eles se utilizem dessa informa\u00e7\u00e3o para fins comerciais ou de publicidade.<br>\u2022 Ajudar na melhoria de nosso site pela medi\u00e7\u00e3o de erros que eventualmente possam ocorrer.<br>\u2022 Realizar melhorias e aperfei\u00e7oamentos em nosso site decorrentes do comportamento de navega\u00e7\u00e3o de nossos usu\u00e1rios.<\/p>\n\n\n\n<p><strong>COOKIES DE FUNCIONALIDADE<\/strong>: Os cookies de \u201cFuncionalidade\u201d s\u00e3o usados para fornecer servi\u00e7os ou para lembrar defini\u00e7\u00f5es de navega\u00e7\u00f5es de forma a melhorar sua visita<\/p>\n\n\n\n<h3 class=\"wp-block-heading\">Para o que n\u00f3s os usamos:<\/h3>\n\n\n\n<p>\u2022 Lembrar eventualmente das configura\u00e7\u00f5es que voc\u00ea aplicou, como layout, tamanho do texto, prefer\u00eancias e cores.<br>\u2022 Lembrar eventualmente se j\u00e1 perguntamos se voc\u00ea deseja preencher uma pesquisa para que, dessa forma, n\u00e3o precisemos perguntar reiteradas vezes.<br>\u2022 Eventuais realiza\u00e7\u00f5es de Chats ao-vivo para suporte.<br>\u2022 Compartilhar informa\u00e7\u00f5es com parceiros para que eventualmente a Chevrolet possa lhe oferecer nossos servi\u00e7os ou produtos.. A informa\u00e7\u00e3o compartilhada s\u00f3 poder\u00e1 ser usada para fornecer o servi\u00e7o, produto ou fun\u00e7\u00e3o e n\u00e3o para qualquer outra finalidade.<\/p>\n\n\n\n<p><strong>COOKIES DE SEGMENTA\u00c7\u00c3O<\/strong>: Os cookies de \u201cSegmenta\u00e7\u00e3o\u201d est\u00e3o ligados aos servi\u00e7os prestados por terceiros, tais como, por exemplo, bot\u00f5es de \u201cLike\u201d e bot\u00f5es de \u201cCompartilhar\u201d contidos em outros sites que n\u00e3o o site da Chevrolet. O terceiro fornece esses servi\u00e7os por reconhecer que voc\u00ea visitou nosso site, mas de maneira nenhuma se confunde com a Chevrolet em si.<\/p>\n\n\n\n<h3 class=\"wp-block-heading\">Para o que n\u00f3s os usamos:<\/h3>\n\n\n\n<p>\u2022 Para conectar-se a redes sociais como o Facebook, que, por serem terceiros e pelos quais n\u00e3o termos controle, poder\u00e3o, posteriormente, utilizar as informa\u00e7\u00f5es sobre a sua visita para direcionar publicidade de seu interesse para voc\u00ea em outros sites.<br>\u2022 Para fornecermos \u00e0s ag\u00eancias de publicidade informa\u00e7\u00f5es sobre a sua visita e para que estas possam eventualmente apresentar lhe an\u00fancios pertinentes ao seu perfil de navega\u00e7\u00e3o.<\/p>\n\n\n\n<p>Em rela\u00e7\u00e3o aos cookies acima mencionados, voc\u00ea pode controlar se ser\u00e3o usados ou n\u00e3o (vide t\u00f3pico abaixo \u201cComo Desativar os Cookies\u201d), mas seu bloqueio pode nos impedir de oferecer alguns servi\u00e7os ou prejudicar a boa navega\u00e7\u00e3o junto ao nosso site.<\/p>\n\n\n\n<h2 class=\"wp-block-heading\">COMO DESATIVAR OS COOKIES<\/h2>\n\n\n\n<p>Normalmente as configura\u00e7\u00f5es para desativar os cookies est\u00e3o presentes nas \u201cop\u00e7\u00f5es\u201d ou o menu \u201cPrefer\u00eancias\u201d do seu navegador. Para saber melhor consulte as op\u00e7\u00f5es de ajuda de seu navegador. Abaixo voc\u00ea encontrar\u00e1 alguns links para os navegadores mais conhecidos:<\/p>\n\n\n\n<p>Internet Explorer<br>\u2022 Firefox<br>\u2022 Chrome<br>\u2022 Safari Web e iOS<br>Os cookies praticados pelo site www.chevrolet.com.br s\u00e3o seguros e necess\u00e1rios a boa utiliza\u00e7\u00e3o das ferramentas e op\u00e7\u00f5es oferecidas pelo site. Caso voc\u00ea opte por n\u00e3o aceita-los e\/ou execut\u00e1-los eventualmente o comportamento de algumas destas ferramentas e alguns dos dispositivos oferecidos poder\u00e3o ter suas fun\u00e7\u00f5es comprometidas durante a sua visita.<\/p>\n\n\n\n<h2 class=\"wp-block-heading\">RECOMENDA\u00c7\u00d5ES FINAIS<\/h2>\n\n\n\n<p>\u00c9 importante que os Usu\u00e1rios internautas verifiquem os termos de Uso de Cookies de todos os sites nos quais eventualmente navegue, buscando informar-se sempre de que formas coletar\u00e3o e tratar\u00e3o as suas informa\u00e7\u00f5es.<\/p>\n","protected":false},"excerpt":{"rendered":"<p>Cookies O QUE S\u00c3O COOKIES Cookies s\u00e3o arquivos-texto gerados pelo site da Chevrolet e transferidos para seu computador sendo armazenados pelos programas de navega\u00e7\u00e3o [&hellip;]<\/p>\n","protected":false},"author":1,"featured_media":0,"parent":0,"menu_order":0,"comment_status":"closed","ping_status":"closed","template":"","meta":{"_acf_changed":false,"inline_featured_image":false,"footnotes":""},"class_list":["post-1503","page","type-page","status-publish","hentry"],"acf":[],"yoast_head":"<!-- This site is optimized with the Yoast SEO plugin v27.0 - https:\/\/yoast.com\/product\/yoast-seo-wordpress\/ -->\n<title>Termos de Uso - Blog Cotac<\/title>\n<meta name=\"robots\" content=\"index, follow, max-snippet:-1, max-image-preview:large, max-video-preview:-1\" \/>\n<link rel=\"canonical\" href=\"https:\/\/cotac.com.br\/blog\/termos-de-uso\/\" \/>\n<meta property=\"og:locale\" content=\"pt_BR\" \/>\n<meta property=\"og:type\" content=\"article\" \/>\n<meta property=\"og:title\" content=\"Termos de Uso - Blog Cotac\" \/>\n<meta property=\"og:description\" content=\"Cookies O QUE S\u00c3O COOKIES Cookies s\u00e3o arquivos-texto gerados pelo site da Chevrolet e transferidos para seu computador sendo armazenados pelos programas de navega\u00e7\u00e3o [&hellip;]\" \/>\n<meta property=\"og:url\" content=\"https:\/\/cotac.com.br\/blog\/termos-de-uso\/\" \/>\n<meta property=\"og:site_name\" content=\"Blog Cotac\" \/>\n<meta property=\"article:modified_time\" content=\"2024-06-28T11:56:37+00:00\" \/>\n<meta name=\"twitter:card\" content=\"summary_large_image\" \/>\n<meta name=\"twitter:label1\" content=\"Est. tempo de leitura\" \/>\n\t<meta name=\"twitter:data1\" content=\"6 minutos\" \/>\n<script type=\"application\/ld+json\" class=\"yoast-schema-graph\">{\"@context\":\"https:\/\/schema.org\",\"@graph\":[{\"@type\":\"WebPage\",\"@id\":\"https:\/\/cotac.com.br\/blog\/termos-de-uso\/\",\"url\":\"https:\/\/cotac.com.br\/blog\/termos-de-uso\/\",\"name\":\"Termos de Uso - Blog Cotac\",\"isPartOf\":{\"@id\":\"https:\/\/cotac.com.br\/blog\/#website\"},\"datePublished\":\"2024-06-28T11:38:36+00:00\",\"dateModified\":\"2024-06-28T11:56:37+00:00\",\"breadcrumb\":{\"@id\":\"https:\/\/cotac.com.br\/blog\/termos-de-uso\/#breadcrumb\"},\"inLanguage\":\"pt-BR\",\"potentialAction\":[{\"@type\":\"ReadAction\",\"target\":[\"https:\/\/cotac.com.br\/blog\/termos-de-uso\/\"]}]},{\"@type\":\"BreadcrumbList\",\"@id\":\"https:\/\/cotac.com.br\/blog\/termos-de-uso\/#breadcrumb\",\"itemListElement\":[{\"@type\":\"ListItem\",\"position\":1,\"name\":\"In\u00edcio\",\"item\":\"https:\/\/cotac.com.br\/blog\/\"},{\"@type\":\"ListItem\",\"position\":2,\"name\":\"Termos de Uso\"}]},{\"@type\":\"WebSite\",\"@id\":\"https:\/\/cotac.com.br\/blog\/#website\",\"url\":\"https:\/\/cotac.com.br\/blog\/\",\"name\":\"Blog Cotac\",\"description\":\"\",\"publisher\":{\"@id\":\"https:\/\/cotac.com.br\/blog\/#organization\"},\"potentialAction\":[{\"@type\":\"SearchAction\",\"target\":{\"@type\":\"EntryPoint\",\"urlTemplate\":\"https:\/\/cotac.com.br\/blog\/?s={search_term_string}\"},\"query-input\":{\"@type\":\"PropertyValueSpecification\",\"valueRequired\":true,\"valueName\":\"search_term_string\"}}],\"inLanguage\":\"pt-BR\"},{\"@type\":\"Organization\",\"@id\":\"https:\/\/cotac.com.br\/blog\/#organization\",\"name\":\"Blog Cotac\",\"url\":\"https:\/\/cotac.com.br\/blog\/\",\"logo\":{\"@type\":\"ImageObject\",\"inLanguage\":\"pt-BR\",\"@id\":\"https:\/\/cotac.com.br\/blog\/#\/schema\/logo\/image\/\",\"url\":\"https:\/\/cotac.com.br\/blog\/wp-content\/uploads\/2024\/06\/chevrolet-cotac.webp\",\"contentUrl\":\"https:\/\/cotac.com.br\/blog\/wp-content\/uploads\/2024\/06\/chevrolet-cotac.webp\",\"width\":305,\"height\":58,\"caption\":\"Blog Cotac\"},\"image\":{\"@id\":\"https:\/\/cotac.com.br\/blog\/#\/schema\/logo\/image\/\"}}]}<\/script>\n<!-- \/ Yoast SEO plugin. -->","yoast_head_json":{"title":"Termos de Uso - Blog Cotac","robots":{"index":"index","follow":"follow","max-snippet":"max-snippet:-1","max-image-preview":"max-image-preview:large","max-video-preview":"max-video-preview:-1"},"canonical":"https:\/\/cotac.com.br\/blog\/termos-de-uso\/","og_locale":"pt_BR","og_type":"article","og_title":"Termos de Uso - Blog Cotac","og_description":"Cookies O QUE S\u00c3O COOKIES Cookies s\u00e3o arquivos-texto gerados pelo site da Chevrolet e transferidos para seu computador sendo armazenados pelos programas de navega\u00e7\u00e3o [&hellip;]","og_url":"https:\/\/cotac.com.br\/blog\/termos-de-uso\/","og_site_name":"Blog Cotac","article_modified_time":"2024-06-28T11:56:37+00:00","twitter_card":"summary_large_image","twitter_misc":{"Est. tempo de leitura":"6 minutos"},"schema":{"@context":"https:\/\/schema.org","@graph":[{"@type":"WebPage","@id":"https:\/\/cotac.com.br\/blog\/termos-de-uso\/","url":"https:\/\/cotac.com.br\/blog\/termos-de-uso\/","name":"Termos de Uso - Blog Cotac","isPartOf":{"@id":"https:\/\/cotac.com.br\/blog\/#website"},"datePublished":"2024-06-28T11:38:36+00:00","dateModified":"2024-06-28T11:56:37+00:00","breadcrumb":{"@id":"https:\/\/cotac.com.br\/blog\/termos-de-uso\/#breadcrumb"},"inLanguage":"pt-BR","potentialAction":[{"@type":"ReadAction","target":["https:\/\/cotac.com.br\/blog\/termos-de-uso\/"]}]},{"@type":"BreadcrumbList","@id":"https:\/\/cotac.com.br\/blog\/termos-de-uso\/#breadcrumb","itemListElement":[{"@type":"ListItem","position":1,"name":"In\u00edcio","item":"https:\/\/cotac.com.br\/blog\/"},{"@type":"ListItem","position":2,"name":"Termos de Uso"}]},{"@type":"WebSite","@id":"https:\/\/cotac.com.br\/blog\/#website","url":"https:\/\/cotac.com.br\/blog\/","name":"Blog Cotac","description":"","publisher":{"@id":"https:\/\/cotac.com.br\/blog\/#organization"},"potentialAction":[{"@type":"SearchAction","target":{"@type":"EntryPoint","urlTemplate":"https:\/\/cotac.com.br\/blog\/?s={search_term_string}"},"query-input":{"@type":"PropertyValueSpecification","valueRequired":true,"valueName":"search_term_string"}}],"inLanguage":"pt-BR"},{"@type":"Organization","@id":"https:\/\/cotac.com.br\/blog\/#organization","name":"Blog Cotac","url":"https:\/\/cotac.com.br\/blog\/","logo":{"@type":"ImageObject","inLanguage":"pt-BR","@id":"https:\/\/cotac.com.br\/blog\/#\/schema\/logo\/image\/","url":"https:\/\/cotac.com.br\/blog\/wp-content\/uploads\/2024\/06\/chevrolet-cotac.webp","contentUrl":"https:\/\/cotac.com.br\/blog\/wp-content\/uploads\/2024\/06\/chevrolet-cotac.webp","width":305,"height":58,"caption":"Blog Cotac"},"image":{"@id":"https:\/\/cotac.com.br\/blog\/#\/schema\/logo\/image\/"}}]}},"_links":{"self":[{"href":"https:\/\/cotac.com.br\/blog\/wp-json\/wp\/v2\/pages\/1503","targetHints":{"allow":["GET"]}}],"collection":[{"href":"https:\/\/cotac.com.br\/blog\/wp-json\/wp\/v2\/pages"}],"about":[{"href":"https:\/\/cotac.com.br\/blog\/wp-json\/wp\/v2\/types\/page"}],"author":[{"embeddable":true,"href":"https:\/\/cotac.com.br\/blog\/wp-json\/wp\/v2\/users\/1"}],"replies":[{"embeddable":true,"href":"https:\/\/cotac.com.br\/blog\/wp-json\/wp\/v2\/comments?post=1503"}],"version-history":[{"count":2,"href":"https:\/\/cotac.com.br\/blog\/wp-json\/wp\/v2\/pages\/1503\/revisions"}],"predecessor-version":[{"id":1513,"href":"https:\/\/cotac.com.br\/blog\/wp-json\/wp\/v2\/pages\/1503\/revisions\/1513"}],"wp:attachment":[{"href":"https:\/\/cotac.com.br\/blog\/wp-json\/wp\/v2\/media?parent=1503"}],"curies":[{"name":"wp","href":"https:\/\/api.w.org\/{rel}","templated":true}]}}